{"id":5227,"date":"2015-02-10T19:22:07","date_gmt":"2015-02-10T18:22:07","guid":{"rendered":"https:\/\/www.construmatpinalba.com\/contacte\/"},"modified":"2026-02-12T12:46:12","modified_gmt":"2026-02-12T11:46:12","slug":"contacto","status":"publish","type":"page","link":"https:\/\/www.construmatpinalba.com\/es\/contacto\/","title":{"rendered":"Contacto"},"content":{"rendered":"<div class=\"fusion-fullwidth fullwidth-box fusion-builder-row-1 fusion-flex-container fusion-parallax-none nonhundred-percent-fullwidth non-hundred-percent-height-scrolling lazyload\" style=\"--awb-background-position:center bottom;--awb-border-sizes-top:0px;--awb-border-sizes-bottom:0px;--awb-border-sizes-left:0px;--awb-border-sizes-right:0px;--awb-border-radius-top-left:0px;--awb-border-radius-top-right:0px;--awb-border-radius-bottom-right:0px;--awb-border-radius-bottom-left:0px;--awb-padding-top:130px;--awb-padding-bottom:100px;--awb-background-size:cover;--awb-flex-wrap:wrap;\" data-bg=\"https:\/\/www.construmatpinalba.com\/wp-content\/uploads\/2020\/11\/bg-contactar.jpg\" ><div class=\"fusion-builder-row fusion-row fusion-flex-align-items-flex-start fusion-flex-content-wrap\" style=\"max-width:1216.8px;margin-left: calc(-4% \/ 2 );margin-right: calc(-4% \/ 2 );\"><div class=\"fusion-layout-column fusion_builder_column fusion-builder-column-0 fusion_builder_column_1_1 1_1 fusion-flex-column fusion-flex-align-self-flex-start fusion-column-no-min-height\" style=\"--awb-bg-size:cover;--awb-width-large:100%;--awb-margin-top-large:0px;--awb-spacing-right-large:1.92%;--awb-margin-bottom-large:60px;--awb-spacing-left-large:1.92%;--awb-width-medium:100%;--awb-spacing-right-medium:1.92%;--awb-spacing-left-medium:1.92%;--awb-width-small:100%;--awb-spacing-right-small:1.92%;--awb-spacing-left-small:1.92%;\"><div class=\"fusion-column-wrapper fusion-flex-justify-content-flex-start fusion-content-layout-column\"><div class=\"fusion-title title fusion-title-1 fusion-sep-none fusion-title-text fusion-title-size-two\" style=\"--awb-text-color:#ffffff;\"><h2 class=\"fusion-title-heading title-heading-left fusion-responsive-typography-calculated\" style=\"margin:0;--fontSize:48;line-height:1.25;\">FORMULARIO DE CONTACTO<\/h2><\/div><div class=\"fusion-title title fusion-title-2 fusion-sep-none fusion-title-text fusion-title-size-one\" style=\"--awb-text-color:#ffffff;--awb-margin-top:0px;--awb-margin-bottom:0px;--awb-font-size:18px;\"><h1 class=\"fusion-title-heading title-heading-left fusion-responsive-typography-calculated\" style=\"margin:0;font-size:1em;--fontSize:18;--minFontSize:18;line-height:1.25;\">CONTRATISTA, COORDINACI\u00d3N Y GESTI\u00d3N DE OBRAS EN LA PROV\u00cdNCIA DE BARCELONA<\/h1><\/div><div class=\"fusion-text fusion-text-1\"><p><span style=\"color: #ffffff;\">Resolvemos tus dudas y peticiones sin compromiso. Para contactar con nosotros rellena nuestro formulario de contacto y te respondremos al momento.<\/span><\/p>\n<\/div><\/div><\/div><div class=\"fusion-layout-column fusion_builder_column fusion-builder-column-1 fusion_builder_column_1_2 1_2 fusion-flex-column\" style=\"--awb-bg-size:cover;--awb-width-large:50%;--awb-margin-top-large:0px;--awb-spacing-right-large:3.84%;--awb-margin-bottom-large:20px;--awb-spacing-left-large:3.84%;--awb-width-medium:50%;--awb-spacing-right-medium:3.84%;--awb-spacing-left-medium:3.84%;--awb-width-small:100%;--awb-spacing-right-small:1.92%;--awb-spacing-left-small:1.92%;\"><div class=\"fusion-column-wrapper fusion-flex-justify-content-flex-start fusion-content-layout-column\"><div class=\"frm_forms  with_frm_style frm_style_formidable-style\" id=\"frm_form_5_container\" >\n<form enctype=\"multipart\/form-data\" method=\"post\" class=\"frm-show-form  frm_ajax_submit  frm_pro_form \" id=\"form_ds09j\" >\n<div class=\"frm_form_fields \">\n<fieldset>\n<legend class=\"frm_hidden\">Contacto - ES<\/legend>\r\n\r\n<div class=\"frm_fields_container\">\n<input type=\"hidden\" name=\"frm_action\" value=\"create\" \/>\n<input type=\"hidden\" name=\"form_id\" value=\"5\" \/>\n<input type=\"hidden\" name=\"frm_hide_fields_5\" id=\"frm_hide_fields_5\" value=\"\" \/>\n<input type=\"hidden\" name=\"form_key\" value=\"ds09j\" \/>\n<input type=\"hidden\" name=\"item_meta[0]\" value=\"\" \/>\n<input type=\"hidden\" id=\"frm_submit_entry_5\" name=\"frm_submit_entry_5\" value=\"029c979f01\" \/><input type=\"hidden\" name=\"_wp_http_referer\" value=\"\/es\/wp-json\/wp\/v2\/pages\/5227\" \/><div id=\"frm_field_64_container\" class=\"frm_form_field form-field  frm_required_field frm_top_container frm_first frm_half\">\r\n    <label for=\"field_gsjc6\" class=\"frm_primary_label\">Nombre y apellidos\r\n        <span class=\"frm_required\">*<\/span>\r\n    <\/label>\r\n    <input  type=\"text\" id=\"field_gsjc6\" name=\"item_meta[64]\" value=\"\"  data-reqmsg=\"Este campo no puede estar en blanco.\" aria-required=\"true\" data-invmsg=\"Nombre y apellidos is invalid\" aria-invalid=\"false\"   \/>\r\n    \r\n    \r\n<\/div>\n<div id=\"frm_field_65_container\" class=\"frm_form_field form-field  frm_top_container frm_half\">\r\n    <label for=\"field_455s1\" class=\"frm_primary_label\">Ciudad\r\n        <span class=\"frm_required\"><\/span>\r\n    <\/label>\r\n    <input  type=\"text\" id=\"field_455s1\" name=\"item_meta[65]\" value=\"\"  data-invmsg=\"Ciudad is invalid\" aria-invalid=\"false\"   \/>\r\n    \r\n    \r\n<\/div>\n<div id=\"frm_field_66_container\" class=\"frm_form_field form-field  frm_required_field frm_top_container frm_first frm_half\">\r\n    <label for=\"field_9prg8\" class=\"frm_primary_label\">Direcci\u00f3n Email\r\n        <span class=\"frm_required\">*<\/span>\r\n    <\/label>\r\n    <input type=\"email\" id=\"field_9prg8\" name=\"item_meta[66]\" value=\"\"  data-reqmsg=\"Este campo no puede estar en blanco.\" aria-required=\"true\" data-invmsg=\"Direcci\u00f3n Email no es v\u00e1lido\" aria-invalid=\"false\"  \/>\r\n    \r\n    \r\n<\/div>\n<div id=\"frm_field_67_container\" class=\"frm_form_field form-field  frm_required_field frm_top_container frm_half\">\r\n    <label for=\"field_kwjf3\" class=\"frm_primary_label\">Tel\u00e9fono de contacto\r\n        <span class=\"frm_required\">*<\/span>\r\n    <\/label>\r\n    <input type=\"tel\" id=\"field_kwjf3\" name=\"item_meta[67]\" value=\"\"  data-reqmsg=\"Este campo no puede estar en blanco.\" aria-required=\"true\" data-invmsg=\"Tel\u00e9fono de contacto no es v\u00e1lido\" aria-invalid=\"false\" pattern=\"((\\+\\d{1,3}(-|.| )?\\(?\\d\\)?(-| |.)?\\d{1,5})|(\\(?\\d{2,6}\\)?))(-|.| )?(\\d{3,4})(-|.| )?(\\d{4})(( x| ext)\\d{1,5}){0,1}$\"  \/>\r\n    \r\n    \r\n<\/div>\n<div id=\"frm_field_68_container\" class=\"frm_form_field form-field  frm_required_field frm_top_container\">\r\n    <label for=\"field_lff0r\" class=\"frm_primary_label\">Mensaje\r\n        <span class=\"frm_required\">*<\/span>\r\n    <\/label>\r\n    <textarea name=\"item_meta[68]\" id=\"field_lff0r\" rows=\"5\"  data-reqmsg=\"Este campo no puede estar en blanco.\" aria-required=\"true\" data-invmsg=\"Mensaje no es v\u00e1lido\" aria-invalid=\"false\"  ><\/textarea>\r\n    \r\n    \r\n<\/div>\n<div id=\"frm_field_95_container\" class=\"frm_form_field form-field  frm_required_field frm_none_container vertical_radio\">\n    <div  id=\"field_pv9b4_label\" class=\"frm_primary_label\">LOPD\n        <span class=\"frm_required\">*<\/span>\n    <\/div>\n    <div class=\"frm_opt_container\" aria-labelledby=\"field_pv9b4_label\" role=\"group\">\t\t<div class=\"frm_checkbox\" id=\"frm_checkbox_95-0\">\t\t\t<label  for=\"field_pv9b4-0\">\n\t\t\t<input type=\"checkbox\" name=\"item_meta[95][]\" id=\"field_pv9b4-0\" value=\"Leo y acepto la &lt;a href=&quot;https:\/\/www.construmatpinalba.com\/politica-de-privacitat\/&quot; target=&quot;_blank&quot;&gt;pol\u00edtica de protecci\u00f3n de datos&lt;\/a&gt;.\"  data-reqmsg=\"Este campo no puede estar en blanco.\" data-invmsg=\"LOPD no es v\u00e1lido\"   aria-required=\"true\"  \/> Leo y acepto la <a href=\"https:\/\/www.construmatpinalba.com\/politica-de-privacitat\/\" target=\"_blank\">pol\u00edtica de protecci\u00f3n de datos<\/a>.<\/label><\/div>\n<\/div>\n    \n    \n<\/div>\n<div id=\"frm_field_69_container\" class=\"frm_form_field form-field  frm_none_container\">\r\n    <label for=\"g-recaptcha-response\" class=\"frm_primary_label\">reCAPTCHA\r\n        <span class=\"frm_required\"><\/span>\r\n    <\/label>\r\n    <div  id=\"field_q799k\" class=\"frm-g-recaptcha\" data-sitekey=\"6LfFjecUAAAAAHJrhY-FoLbo2LjvQiU3xg0DUNSA\" data-size=\"invisible\" data-theme=\"light\"><\/div>\r\n    \r\n    \r\n<\/div>\n\t<input type=\"hidden\" name=\"item_key\" value=\"\" \/>\n\t\t\t<div id=\"frm_field_114_container\">\n\t\t\t<label for=\"field_nks8c\" >\n\t\t\t\tSi eres humano, deja este campo en blanco.\t\t\t<\/label>\n\t\t\t<input  id=\"field_nks8c\" type=\"text\" class=\"frm_form_field form-field frm_verify\" name=\"item_meta[114]\" value=\"\"  \/>\n\t\t<\/div>\n\t\t<input name=\"frm_state\" type=\"hidden\" value=\"Lv0L46qatGbpD\/H+sjKZ30CvK39Q5RXh6CUE37ZVVLJDq4TnFw7cTDl02IVPkfEY\" \/><div class=\"frm_submit\">\r\n\r\n<input type=\"submit\" value=\"Enviar\"  class=\"frm_final_submit\" formnovalidate=\"formnovalidate\" \/>\r\n<img decoding=\"async\" class=\"lazyload frm_ajax_loading\" src=\"data:image\/gif;base64,R0lGODlhAQABAAAAACH5BAEKAAEALAAAAAABAAEAAAICTAEAOw==\" data-orig-src=\"https:\/\/www.construmatpinalba.com\/wp-content\/plugins\/formidable\/images\/ajax_loader.gif\" alt=\"Enviando\"\/>\r\n\r\n<\/div><\/div>\n<\/fieldset>\n<\/div>\n\n<\/form>\n<\/div>\n<div class=\"fusion-text fusion-text-2\" style=\"--awb-font-size:9px;--awb-text-color:#e2e2e2;\"><p>CONSTRUMAT PINALBA S.L.U es el Responsable del tratamiento de los datos personales del usuario y le informa de que estos datos se tratar\u00e1n de conformidad con lo dispuesto en el Reglamento (UE) 2016\/679, de 27 de abril (GDPR), y la Ley Org\u00e1nica 3\/2018, de 5 de diciembre (LOPDGDD), por lo que se le facilita la siguiente informaci\u00f3n del tratamiento:<br \/>\nFines y legitimaci\u00f3n del tratamiento: mantener una relaci\u00f3n comercial (por inter\u00e9s leg\u00edtimo del responsable, art. 6.1.f GDPR) y el env\u00edo de comunicaciones o servicios (por consentimiento del interesado, art. 6.1.a GDPR).<br \/>\nCriterios de conservaci\u00f3n de los datos: se conservar\u00e1n durante no m\u00e1s tiempo del necesario para mantener el fin del tratamiento o mientras existan prescripciones legales que dictaminen su custodia y cuando ya no sea necesario para ello, se suprimir\u00e1n con medidas de seguridad adecuadas para garantizar la anonimizaci\u00f3n de los datos o la destrucci\u00f3n total de los mismos.<br \/>\nComunicaci\u00f3n de los datos: no se comunicar\u00e1n los datos a terceros, salvo obligaci\u00f3n legal. Derechos que asisten al usuario: derecho a retirar el consentimiento en cualquier momento. Derecho de acceso, rectificaci\u00f3n, portabilidad y supresi\u00f3n de sus datos, y de limitaci\u00f3n u oposici\u00f3n a su tratamiento. Derecho a presentar una reclamaci\u00f3n ante la Autoridad de control (www.aepd.es) si considera que el tratamiento no se ajusta a la normativa vigente.<br \/>\nDatos de contacto para ejercer sus derechos: info@construmatpinalba.com.<\/p>\n<\/div><\/div><\/div><div class=\"fusion-layout-column fusion_builder_column fusion-builder-column-2 fusion_builder_column_1_2 1_2 fusion-flex-column\" style=\"--awb-bg-size:cover;--awb-width-large:50%;--awb-margin-top-large:0px;--awb-spacing-right-large:3.84%;--awb-margin-bottom-large:20px;--awb-spacing-left-large:3.84%;--awb-width-medium:50%;--awb-spacing-right-medium:3.84%;--awb-spacing-left-medium:3.84%;--awb-width-small:100%;--awb-spacing-right-small:1.92%;--awb-spacing-left-small:1.92%;\"><div class=\"fusion-column-wrapper fusion-flex-justify-content-flex-start fusion-content-layout-column\">\t\t\t\t\t<script type=\"text\/javascript\">\n\t\t\t\t\t\tvar map_fusion_map_69f56c06158e7;\n\t\t\t\t\t\tvar markers = [];\n\t\t\t\t\t\tvar counter = 0;\n\t\t\t\t\t\t\t\t\t\t\t\t\t\t\t\t\t\t\t\tvar fusionMapNonce = '35f58475fc';\n\t\t\t\t\t\t\t\t\t\t\t\tfunction fusion_run_map_fusion_map_69f56c06158e7() {\n\t\t\t\t\t\t\tjQuery ('#fusion_map_69f56c06158e7' ).fusion_maps( {\n\t\t\t\t\t\t\t\taddresses: [{\"address\":\"Carrer Angel Guimer\\u00e0, 25 B, 25, 08397 Pineda de Mar, Barcelona\",\"infobox_content\":\"Carrer Angel Guimer\\u00e0, 25 B, 25, 08397 Pineda de Mar, Barcelona\",\"coordinates\":false,\"cache\":true,\"latitude\":\"41.6221246\",\"longitude\":\"2.6873146\"}],\n\t\t\t\t\t\t\t\tanimations: true,\n\t\t\t\t\t\t\t\tinfobox_background_color: '',\n\t\t\t\t\t\t\t\tinfobox_styling: 'custom',\n\t\t\t\t\t\t\t\tinfobox_text_color: '',\n\t\t\t\t\t\t\t\tmap_style: 'default',\n\t\t\t\t\t\t\t\tmap_type: 'roadmap',\n\t\t\t\t\t\t\t\tmarker_icon: '',\n\t\t\t\t\t\t\t\toverlay_color: '',\n\t\t\t\t\t\t\t\toverlay_color_hsl: {\"hue\":0,\"sat\":0,\"lum\":100},\n\t\t\t\t\t\t\t\tshow_address: false,\n\t\t\t\t\t\t\t\tscale_control: false,\n\t\t\t\t\t\t\t\tscrollwheel: false,\n\t\t\t\t\t\t\t\tzoom: 12,\n\t\t\t\t\t\t\t\tzoom_control: false,\n\t\t\t\t\t\t\t} );\n\t\t\t\t\t\t}\n\n\t\t\t\t\t\tgoogle.maps.event.addDomListener(window, 'load', fusion_run_map_fusion_map_69f56c06158e7);\n\t\t\t\t\t<\/script>\n\t\t\t\t\t<div class=\"shortcode-map fusion-google-map fusion-maps-js-type\" style=\"--awb-height:240px;\" id=\"fusion_map_69f56c06158e7\"><\/div><div class=\"fusion-separator fusion-full-width-sep\" style=\"align-self: center;margin-left: auto;margin-right: auto;margin-top:40px;width:100%;\"><\/div><div class=\"fusion-title title fusion-title-3 fusion-sep-none fusion-title-text fusion-title-size-two\" style=\"--awb-text-color:#ffffff;--awb-font-size:24px;\"><h2 class=\"fusion-title-heading title-heading-left fusion-responsive-typography-calculated\" style=\"margin:0;font-size:1em;--fontSize:24;line-height:1.25;\">Construmat Pinalba<\/h2><\/div><ul style=\"--awb-line-height:25.5px;--awb-icon-width:25.5px;--awb-icon-height:25.5px;--awb-icon-margin:10.5px;--awb-content-margin:36px;--awb-circlecolor:#2ba0a3;--awb-circle-yes-font-size:13.2px;\" class=\"fusion-checklist fusion-checklist-1 fusion-checklist-default type-icons\"><li class=\"fusion-li-item\" style=\"\"><span class=\"icon-wrapper circle-yes\"><i class=\"fusion-li-icon fa-map-marker-alt fas\" aria-hidden=\"true\"><\/i><\/span><div class=\"fusion-li-item-content\">\n<p><span style=\"color: #ffffff;\">C\/ \u00c0ngel Guimer\u00e0, n\u00ba 25-B<\/span><br \/>\n<span style=\"color: #ffffff;\">Barcelona, Pineda de mar 08397<\/span><\/p>\n<\/div><\/li><li class=\"fusion-li-item\" style=\"\"><span class=\"icon-wrapper circle-yes\"><i class=\"fusion-li-icon fa-envelope fas\" aria-hidden=\"true\"><\/i><\/span><div class=\"fusion-li-item-content\">\n<p><span style=\"color: #ffffff;\">info@construmatpinalba.com<\/span><\/p>\n<\/div><\/li><li class=\"fusion-li-item\" style=\"\"><span class=\"icon-wrapper circle-yes\"><i class=\"fusion-li-icon fa-clock fas\" aria-hidden=\"true\"><\/i><\/span><div class=\"fusion-li-item-content\"><span style=\"color: #ffffff;\">De lunes a viernes de 8:30h a 12:30h<\/span><br \/>\n<span style=\"color: #ffffff;\">Mi\u00e9rcoles de 15h. a 17h.<\/span><\/div><\/li><li class=\"fusion-li-item\" style=\"\"><span class=\"icon-wrapper circle-yes\"><i class=\"fusion-li-icon fa-phone-alt fas\" aria-hidden=\"true\"><\/i><\/span><div class=\"fusion-li-item-content\"><span style=\"color: #ffffff;\">T. (+34) 93 142 82 38<\/span><\/div><\/li><li class=\"fusion-li-item\" style=\"\"><span class=\"icon-wrapper circle-yes\"><i class=\"fusion-li-icon fa-mobile-alt fas\" aria-hidden=\"true\"><\/i><\/span><div class=\"fusion-li-item-content\"><span style=\"color: #ffffff;\">M. (+34) 639 762 191<\/span><\/div><\/li><\/ul><\/div><\/div><\/div><\/div>\n","protected":false},"excerpt":{"rendered":"","protected":false},"author":1,"featured_media":0,"parent":0,"menu_order":0,"comment_status":"closed","ping_status":"closed","template":"100-width.php","meta":{"_joinchat":[],"footnotes":""},"class_list":["post-5227","page","type-page","status-publish","hentry"],"yoast_head":"<!-- This site is optimized with the Yoast SEO plugin v27.2 - https:\/\/yoast.com\/product\/yoast-seo-wordpress\/ -->\n<title>Contacto. Servicios de construcci\u00f3n &#8226; Construmat Pinalba<\/title>\n<meta name=\"description\" content=\"Constructor en Pineda de Mar, Barcelona. Servicios para la construcci\u00f3n en la zona del Maresme y Barcelona. Construmat Pinalba, constructores expertos.\" \/>\n<meta name=\"robots\" content=\"index, follow, max-snippet:-1, max-image-preview:large, max-video-preview:-1\" \/>\n<link rel=\"canonical\" href=\"https:\/\/www.construmatpinalba.com\/es\/contacto\/\" \/>\n<meta property=\"og:locale\" content=\"es_ES\" \/>\n<meta property=\"og:type\" content=\"article\" \/>\n<meta property=\"og:title\" content=\"Contacto. Servicios de construcci\u00f3n &#8226; Construmat Pinalba\" \/>\n<meta property=\"og:description\" content=\"Constructor en Pineda de Mar, Barcelona. Servicios para la construcci\u00f3n en la zona del Maresme y Barcelona. Construmat Pinalba, constructores expertos.\" \/>\n<meta property=\"og:url\" content=\"https:\/\/www.construmatpinalba.com\/es\/contacto\/\" \/>\n<meta property=\"og:site_name\" content=\"Construmat Pinalba\" \/>\n<meta property=\"article:modified_time\" content=\"2026-02-12T11:46:12+00:00\" \/>\n<meta name=\"twitter:card\" content=\"summary_large_image\" \/>\n<meta name=\"twitter:label1\" content=\"Tiempo de lectura\" \/>\n\t<meta name=\"twitter:data1\" content=\"8 minutos\" \/>\n<script type=\"application\/ld+json\" class=\"yoast-schema-graph\">{\"@context\":\"https:\/\/schema.org\",\"@graph\":[{\"@type\":\"WebPage\",\"@id\":\"https:\/\/www.construmatpinalba.com\/es\/contacto\/\",\"url\":\"https:\/\/www.construmatpinalba.com\/es\/contacto\/\",\"name\":\"Contacto. Servicios de construcci\u00f3n &#8226; Construmat Pinalba\",\"isPartOf\":{\"@id\":\"https:\/\/www.construmatpinalba.com\/es\/#website\"},\"datePublished\":\"2015-02-10T18:22:07+00:00\",\"dateModified\":\"2026-02-12T11:46:12+00:00\",\"description\":\"Constructor en Pineda de Mar, Barcelona. Servicios para la construcci\u00f3n en la zona del Maresme y Barcelona. Construmat Pinalba, constructores expertos.\",\"breadcrumb\":{\"@id\":\"https:\/\/www.construmatpinalba.com\/es\/contacto\/#breadcrumb\"},\"inLanguage\":\"es\",\"potentialAction\":[{\"@type\":\"ReadAction\",\"target\":[\"https:\/\/www.construmatpinalba.com\/es\/contacto\/\"]}]},{\"@type\":\"BreadcrumbList\",\"@id\":\"https:\/\/www.construmatpinalba.com\/es\/contacto\/#breadcrumb\",\"itemListElement\":[{\"@type\":\"ListItem\",\"position\":1,\"name\":\"Inici\",\"item\":\"https:\/\/www.construmatpinalba.com\/es\/inicio\/\"},{\"@type\":\"ListItem\",\"position\":2,\"name\":\"Contacto\"}]},{\"@type\":\"WebSite\",\"@id\":\"https:\/\/www.construmatpinalba.com\/es\/#website\",\"url\":\"https:\/\/www.construmatpinalba.com\/es\/\",\"name\":\"Construmat Pinalba\",\"description\":\"Contrataci\u00f3n, Coordinaci\u00f3n y Gesti\u00f3 de obras\",\"publisher\":{\"@id\":\"https:\/\/www.construmatpinalba.com\/es\/#organization\"},\"potentialAction\":[{\"@type\":\"SearchAction\",\"target\":{\"@type\":\"EntryPoint\",\"urlTemplate\":\"https:\/\/www.construmatpinalba.com\/es\/?s={search_term_string}\"},\"query-input\":{\"@type\":\"PropertyValueSpecification\",\"valueRequired\":true,\"valueName\":\"search_term_string\"}}],\"inLanguage\":\"es\"},{\"@type\":\"Organization\",\"@id\":\"https:\/\/www.construmatpinalba.com\/es\/#organization\",\"name\":\"Construmat Pinalba, S.L.\",\"url\":\"https:\/\/www.construmatpinalba.com\/es\/\",\"logo\":{\"@type\":\"ImageObject\",\"inLanguage\":\"es\",\"@id\":\"https:\/\/www.construmatpinalba.com\/es\/#\/schema\/logo\/image\/\",\"url\":\"https:\/\/www.construmatpinalba.com\/wp-content\/uploads\/2016\/01\/logo-construmatpinalba_526x160.png\",\"contentUrl\":\"https:\/\/www.construmatpinalba.com\/wp-content\/uploads\/2016\/01\/logo-construmatpinalba_526x160.png\",\"width\":526,\"height\":160,\"caption\":\"Construmat Pinalba, S.L.\"},\"image\":{\"@id\":\"https:\/\/www.construmatpinalba.com\/es\/#\/schema\/logo\/image\/\"}}]}<\/script>\n<!-- \/ Yoast SEO plugin. -->","yoast_head_json":{"title":"Contacto. Servicios de construcci\u00f3n &#8226; Construmat Pinalba","description":"Constructor en Pineda de Mar, Barcelona. Servicios para la construcci\u00f3n en la zona del Maresme y Barcelona. Construmat Pinalba, constructores expertos.","robots":{"index":"index","follow":"follow","max-snippet":"max-snippet:-1","max-image-preview":"max-image-preview:large","max-video-preview":"max-video-preview:-1"},"canonical":"https:\/\/www.construmatpinalba.com\/es\/contacto\/","og_locale":"es_ES","og_type":"article","og_title":"Contacto. Servicios de construcci\u00f3n &#8226; Construmat Pinalba","og_description":"Constructor en Pineda de Mar, Barcelona. Servicios para la construcci\u00f3n en la zona del Maresme y Barcelona. Construmat Pinalba, constructores expertos.","og_url":"https:\/\/www.construmatpinalba.com\/es\/contacto\/","og_site_name":"Construmat Pinalba","article_modified_time":"2026-02-12T11:46:12+00:00","twitter_card":"summary_large_image","twitter_misc":{"Tiempo de lectura":"8 minutos"},"schema":{"@context":"https:\/\/schema.org","@graph":[{"@type":"WebPage","@id":"https:\/\/www.construmatpinalba.com\/es\/contacto\/","url":"https:\/\/www.construmatpinalba.com\/es\/contacto\/","name":"Contacto. Servicios de construcci\u00f3n &#8226; Construmat Pinalba","isPartOf":{"@id":"https:\/\/www.construmatpinalba.com\/es\/#website"},"datePublished":"2015-02-10T18:22:07+00:00","dateModified":"2026-02-12T11:46:12+00:00","description":"Constructor en Pineda de Mar, Barcelona. Servicios para la construcci\u00f3n en la zona del Maresme y Barcelona. Construmat Pinalba, constructores expertos.","breadcrumb":{"@id":"https:\/\/www.construmatpinalba.com\/es\/contacto\/#breadcrumb"},"inLanguage":"es","potentialAction":[{"@type":"ReadAction","target":["https:\/\/www.construmatpinalba.com\/es\/contacto\/"]}]},{"@type":"BreadcrumbList","@id":"https:\/\/www.construmatpinalba.com\/es\/contacto\/#breadcrumb","itemListElement":[{"@type":"ListItem","position":1,"name":"Inici","item":"https:\/\/www.construmatpinalba.com\/es\/inicio\/"},{"@type":"ListItem","position":2,"name":"Contacto"}]},{"@type":"WebSite","@id":"https:\/\/www.construmatpinalba.com\/es\/#website","url":"https:\/\/www.construmatpinalba.com\/es\/","name":"Construmat Pinalba","description":"Contrataci\u00f3n, Coordinaci\u00f3n y Gesti\u00f3 de obras","publisher":{"@id":"https:\/\/www.construmatpinalba.com\/es\/#organization"},"potentialAction":[{"@type":"SearchAction","target":{"@type":"EntryPoint","urlTemplate":"https:\/\/www.construmatpinalba.com\/es\/?s={search_term_string}"},"query-input":{"@type":"PropertyValueSpecification","valueRequired":true,"valueName":"search_term_string"}}],"inLanguage":"es"},{"@type":"Organization","@id":"https:\/\/www.construmatpinalba.com\/es\/#organization","name":"Construmat Pinalba, S.L.","url":"https:\/\/www.construmatpinalba.com\/es\/","logo":{"@type":"ImageObject","inLanguage":"es","@id":"https:\/\/www.construmatpinalba.com\/es\/#\/schema\/logo\/image\/","url":"https:\/\/www.construmatpinalba.com\/wp-content\/uploads\/2016\/01\/logo-construmatpinalba_526x160.png","contentUrl":"https:\/\/www.construmatpinalba.com\/wp-content\/uploads\/2016\/01\/logo-construmatpinalba_526x160.png","width":526,"height":160,"caption":"Construmat Pinalba, S.L."},"image":{"@id":"https:\/\/www.construmatpinalba.com\/es\/#\/schema\/logo\/image\/"}}]}},"_links":{"self":[{"href":"https:\/\/www.construmatpinalba.com\/es\/wp-json\/wp\/v2\/pages\/5227","targetHints":{"allow":["GET"]}}],"collection":[{"href":"https:\/\/www.construmatpinalba.com\/es\/wp-json\/wp\/v2\/pages"}],"about":[{"href":"https:\/\/www.construmatpinalba.com\/es\/wp-json\/wp\/v2\/types\/page"}],"author":[{"embeddable":true,"href":"https:\/\/www.construmatpinalba.com\/es\/wp-json\/wp\/v2\/users\/1"}],"replies":[{"embeddable":true,"href":"https:\/\/www.construmatpinalba.com\/es\/wp-json\/wp\/v2\/comments?post=5227"}],"version-history":[{"count":0,"href":"https:\/\/www.construmatpinalba.com\/es\/wp-json\/wp\/v2\/pages\/5227\/revisions"}],"wp:attachment":[{"href":"https:\/\/www.construmatpinalba.com\/es\/wp-json\/wp\/v2\/media?parent=5227"}],"curies":[{"name":"wp","href":"https:\/\/api.w.org\/{rel}","templated":true}]}}