{"id":5284,"date":"2020-12-04T13:33:11","date_gmt":"2020-12-04T12:33:11","guid":{"rendered":"https:\/\/www.construmatpinalba.com\/cookie-policy\/"},"modified":"2020-12-04T13:33:11","modified_gmt":"2020-12-04T12:33:11","slug":"cookie-policy","status":"publish","type":"page","link":"https:\/\/www.construmatpinalba.com\/en\/cookie-policy\/","title":{"rendered":"COOKIE POLICY"},"content":{"rendered":"<div class=\"fusion-fullwidth fullwidth-box fusion-builder-row-1 fusion-flex-container nonhundred-percent-fullwidth non-hundred-percent-height-scrolling\" style=\"--awb-border-radius-top-left:0px;--awb-border-radius-top-right:0px;--awb-border-radius-bottom-right:0px;--awb-border-radius-bottom-left:0px;--awb-flex-wrap:wrap;\" ><div class=\"fusion-builder-row fusion-row fusion-flex-align-items-flex-start fusion-flex-content-wrap\" style=\"max-width:1216.8px;margin-left: calc(-4% \/ 2 );margin-right: calc(-4% \/ 2 );\"><div class=\"fusion-layout-column fusion_builder_column fusion-builder-column-0 fusion_builder_column_1_1 1_1 fusion-flex-column\" style=\"--awb-bg-size:cover;--awb-width-large:100%;--awb-margin-top-large:0px;--awb-spacing-right-large:1.92%;--awb-margin-bottom-large:0px;--awb-spacing-left-large:1.92%;--awb-width-medium:100%;--awb-spacing-right-medium:1.92%;--awb-spacing-left-medium:1.92%;--awb-width-small:100%;--awb-spacing-right-small:1.92%;--awb-spacing-left-small:1.92%;\"><div class=\"fusion-column-wrapper fusion-flex-justify-content-flex-start fusion-content-layout-column\"><div class=\"fusion-text fusion-text-1\"><p><b>Pol\u00edtica de Cookies<\/b><\/p>\n<p>From Construmat Pinalba, we want to inform you that our website uses cookies to analyze user navigation.<\/p>\n<p>Cookies are files that are installed on the computer from which you access our website for the purposes described on this page.<\/p>\n<p>The application we use to obtain and analyze navigation information is:<br \/>\n<b>Google Analytics<\/b>:<\/p>\n<p><a href=\"http:\/\/www.google.com\/analytics\/\" target=\"_blank\" rel=\"noopener noreferrer\">http:\/\/www.google.com\/analytics\/<\/a> y <a href=\"http:\/\/www.google.es\/intl\/es\/analytics\/privacyoverview.html\" target=\"_blank\" rel=\"noopener noreferrer\">http:\/\/www.google.es\/intl\/es\/analytics\/privacyoverview.html<\/a><\/p>\n<p>Esta aplicaci\u00f3n ha sido desarrollada por Google, que nos presta el servicio de an\u00e1lisis de la audiencia de nuestra p\u00e1gina. Esta empresa puede utilizar estos datos para mejorar sus propios servicios y para ofrecer servicios a otras empresas. Puedes conocer esos otros usos desde los enlaces indicados.<\/p>\n<p>Esta herramienta no obtiene datos de los nombres o apellidos de los usuarios ni de la direcci\u00f3n postal desde donde se conectan. La informaci\u00f3n que obtiene est\u00e1 relacionada por ejemplo con el n\u00famero de p\u00e1ginas visitas, el idioma, red social en la que se publican nuestras noticias, la ciudad a la que est\u00e1 asignada la direcci\u00f3n IP desde la que acceden los usuarios, el n\u00famero de usuarios que nos visitan, la frecuencia y reincidencia de las visitas, el tiempo de visita, el navegador que usan, el operador o tipo de terminal desde el que se realiza la visita.<\/p>\n<p><b>Esta informaci\u00f3n la utilizamos para mejorar nuestra p\u00e1gina<\/b>, detectar nuevas necesidades y valorar las mejoras a introducir con la finalidad de prestar un mejor servicio a los usuarios que nos visitan.<br \/>\n<b>Para permitir, conocer, bloquear o eliminar las cookies instaladas en tu equipo puedes hacerlo mediante la configuraci\u00f3n de las opciones del navegador instalado en su ordenador.<\/b><\/p>\n<p><span style=\"color: #800000;\"><b>Necesario (1)<\/b><\/span><\/p>\n<table border=\"1\" cellspacing=\"0\" cellpadding=\"0\">\n<tbody>\n<tr>\n<td style=\"text-align: justify;\" valign=\"top\" width=\"701\"><span style=\"color: #808080;\"><b>Las cookies necesarias ayudan a hacer una p\u00e1gina web utilizable activando funciones b\u00e1sicas como la navegaci\u00f3n en la p\u00e1gina y el acceso a \u00e1reas seguras de la p\u00e1gina web. La p\u00e1gina web no puede funcionar adecuadamente sin estas cookies.<\/b><\/span><\/td>\n<\/tr>\n<tr>\n<td valign=\"top\" width=\"701\">\n<table border=\"1\" width=\"99%\" cellspacing=\"0\" cellpadding=\"0\">\n<tbody>\n<tr>\n<td valign=\"top\"><b>Nombre<\/b><\/td>\n<td valign=\"top\"><b>Proveedor<\/b><\/td>\n<td valign=\"top\"><b>Prop\u00f3sito<\/b><\/td>\n<td valign=\"top\"><b>Caducidad<\/b><\/td>\n<td valign=\"top\"><b>Tipo<\/b><\/td>\n<\/tr>\n<tr>\n<td valign=\"top\"><b>cookieconsent_status<\/b><\/td>\n<td valign=\"top\">construmatpinalba.com<\/td>\n<td valign=\"top\">NECESARIAS<\/td>\n<td valign=\"top\" width=\"13%\">13 meses<\/td>\n<td valign=\"top\">HTTPS<\/td>\n<\/tr>\n<\/tbody>\n<\/table>\n<\/td>\n<\/tr>\n<\/tbody>\n<\/table>\n<p><span style=\"color: #800000;\"><b>Estad\u00edstica (5)<\/b><\/span><\/p>\n<table border=\"1\" cellspacing=\"0\" cellpadding=\"0\">\n<tbody>\n<tr>\n<td style=\"text-align: justify;\" valign=\"top\" width=\"701\"><span style=\"color: #808080;\"><b>Las cookies estad\u00edsticas ayudan a los propietarios de p\u00e1ginas web a comprender c\u00f3mo interact\u00faan los visitantes con las p\u00e1ginas web reuniendo y proporcionando informaci\u00f3n de forma an\u00f3nima.<\/b><\/span><\/td>\n<\/tr>\n<tr>\n<td valign=\"top\" width=\"701\">\n<table border=\"1\" width=\"99%\" cellspacing=\"0\" cellpadding=\"0\">\n<tbody>\n<tr>\n<td valign=\"top\"><b>Nombre<\/b><\/td>\n<td valign=\"top\"><b>Proveedor<\/b><\/td>\n<td valign=\"top\"><b>Prop\u00f3sito<\/b><\/td>\n<td valign=\"top\"><b>Caducidad<\/b><\/td>\n<td valign=\"top\"><b>Tipo<\/b><\/td>\n<\/tr>\n<tr>\n<td valign=\"top\"><b>NID<\/b><\/td>\n<td valign=\"top\">google.com<\/td>\n<td valign=\"top\">ESTADSTICAS<\/td>\n<td valign=\"top\" width=\"13%\">6 meses<\/td>\n<td valign=\"top\">HTTPS<\/td>\n<\/tr>\n<tr>\n<td valign=\"top\"><b>__utma<\/b><\/td>\n<td valign=\"top\">construmatpinalba.com<\/td>\n<td valign=\"top\">ESTADISTICAS<\/td>\n<td valign=\"top\" width=\"13%\">2 a\u00f1os<\/td>\n<td valign=\"top\">HTTPS<\/td>\n<\/tr>\n<tr>\n<td valign=\"top\"><b>__utmb<\/b><\/td>\n<td valign=\"top\">construmatpinalba.com<\/td>\n<td valign=\"top\">ESTADISTICAS<\/td>\n<td valign=\"top\" width=\"13%\">Session<\/td>\n<td valign=\"top\">HTTPS<\/td>\n<\/tr>\n<tr>\n<td valign=\"top\"><b>__utmc<\/b><\/td>\n<td valign=\"top\">construmatpinalba.com<\/td>\n<td valign=\"top\">ESTADISTICAS<\/td>\n<td valign=\"top\" width=\"13%\">Session<\/td>\n<td valign=\"top\">HTTPS<\/td>\n<\/tr>\n<tr>\n<td valign=\"top\"><b>__utmz<\/b><\/td>\n<td valign=\"top\">construmatpinalba.com<\/td>\n<td valign=\"top\">ESTADISTICAS<\/td>\n<td valign=\"top\" width=\"13%\">6 meses<\/td>\n<td valign=\"top\">HTTPS<\/td>\n<\/tr>\n<\/tbody>\n<\/table>\n<\/td>\n<\/tr>\n<\/tbody>\n<\/table>\n<p><span style=\"color: #800000;\"><b>No clasificados (3)<\/b><\/span><\/p>\n<table border=\"1\" cellspacing=\"0\" cellpadding=\"0\">\n<tbody>\n<tr>\n<td style=\"text-align: justify;\" valign=\"top\" width=\"705\"><span style=\"color: #808080;\"><b>Las cookies no clasificadas son cookies para las que todav\u00eda estamos en proceso de clasificar, junto con los proveedores de cookies individuales.<\/b><\/span><\/td>\n<\/tr>\n<tr>\n<td valign=\"top\" width=\"705\">\n<table border=\"1\" width=\"99%\" cellspacing=\"0\" cellpadding=\"0\">\n<tbody>\n<tr>\n<td valign=\"top\"><b>Nombre<\/b><\/td>\n<td valign=\"top\"><b>Proveedor<\/b><\/td>\n<td valign=\"top\"><b>Prop\u00f3sito<\/b><\/td>\n<td valign=\"top\"><b>Caducidad<\/b><\/td>\n<td valign=\"top\"><b>Tipo<\/b><\/td>\n<\/tr>\n<tr>\n<td valign=\"top\"><b>__utmt<\/b><\/td>\n<td valign=\"top\">construmatpinalba.com<\/td>\n<td valign=\"top\">SIN CLASIFICAR<\/td>\n<td valign=\"top\" width=\"13%\">Session<\/td>\n<td valign=\"top\">HTTPS<\/td>\n<\/tr>\n<tr>\n<td valign=\"top\"><b>last_display<\/b><\/td>\n<td valign=\"top\">construmatpinalba.com<\/td>\n<td valign=\"top\">SIN CLASIFICAR<\/td>\n<td valign=\"top\" width=\"13%\">Session<\/td>\n<td valign=\"top\">HTTPS<\/td>\n<\/tr>\n<tr>\n<td valign=\"top\"><b>wpml_current_language<\/b><\/td>\n<td valign=\"top\">construmatpinalba.com<\/td>\n<td valign=\"top\">SIN CLASIFICAR<\/td>\n<td valign=\"top\" width=\"13%\">Session<\/td>\n<td valign=\"top\">HTTPS<\/td>\n<\/tr>\n<\/tbody>\n<\/table>\n<\/td>\n<\/tr>\n<\/tbody>\n<\/table>\n<p>En cualquier caso, los usuarios pueden configurar su navegador, de manera que se deshabilite o bloquee la recepci\u00f3n de todas o algunas de las cookies. El hecho de no desear recibir estas cookies, no constituye un impedimento para poder acceder a la informaci\u00f3n de los sitios web de Construmat Pinalba, SL aunque el uso de algunos servicios podr\u00e1 ser limitado. Si una vez otorgado el consentimiento para la recepci\u00f3n de cookies, se desease retirar \u00e9ste, se deber\u00e1n eliminar aquellas almacenadas en el equipo del usuario, a trav\u00e9s de las opciones de los diferentes navegadores.<\/p>\n<p>Por ejemplo puedes encontrar informaci\u00f3n sobre c\u00f3mo hacerlo en el caso que uses como navegador:<\/p>\n<ul>\n<li>Firefox desde aqu\u00ed: <a href=\"https:\/\/support.mozilla.org\/es\/kb\/habilitar-y-deshabilitar-cookies-que-los-sitios-we\" target=\"_blank\" rel=\"noopener noreferrer\">https:\/\/support.mozilla.org\/es\/kb\/habilitar-y-deshabilitar-cookies-que-los-sitios-we<\/a><\/li>\n<li>Chrome desde aqu\u00ed: <a href=\"http:\/\/support.google.com\/chrome\/bin\/answer.py?hl=es&amp;answer=95647\" target=\"_blank\" rel=\"noopener noreferrer\">http:\/\/support.google.com\/chrome\/bin\/answer.py?hl=es&amp;answer=95647<\/a><\/li>\n<li>Explorer desde aqu\u00ed: <a href=\"http:\/\/windows.microsoft.com\/es-es\/windows7\/how-to-manage-cookies-in-internet-explorer-9\" target=\"_blank\" rel=\"noopener noreferrer\">http:\/\/windows.microsoft.com\/es-es\/windows7\/how-to-manage-cookies-in-internet-explorer-9<\/a><\/li>\n<li>Safari desde aqu\u00ed: <a href=\"http:\/\/support.apple.com\/kb\/ph5042\" target=\"_blank\" rel=\"noopener noreferrer\">http:\/\/support.apple.com\/kb\/ph5042 <\/a><\/li>\n<li>Opera desde aqu\u00ed: <a href=\"http:\/\/help.opera.com\/Windows\/11.50\/es-ES\/cookies.html\" target=\"_blank\" rel=\"noopener noreferrer\">http:\/\/help.opera.com\/Windows\/11.50\/es-ES\/cookies.html<\/a><\/li>\n<\/ul>\n<\/div><\/div><\/div><\/div><\/div>\n","protected":false},"excerpt":{"rendered":"","protected":false},"author":1,"featured_media":0,"parent":0,"menu_order":0,"comment_status":"closed","ping_status":"closed","template":"","meta":{"_joinchat":[],"footnotes":""},"class_list":["post-5284","page","type-page","status-publish","hentry"],"yoast_head":"<!-- This site is optimized with the Yoast SEO plugin v27.2 - https:\/\/yoast.com\/product\/yoast-seo-wordpress\/ -->\n<title>COOKIE POLICY &#8226; Construmat Pinalba<\/title>\n<meta name=\"description\" content=\"Construmat Pinalba complies with current data and cookie protection regulations.\" \/>\n<meta name=\"robots\" content=\"index, follow, max-snippet:-1, max-image-preview:large, max-video-preview:-1\" \/>\n<link rel=\"canonical\" href=\"https:\/\/www.construmatpinalba.com\/en\/cookie-policy\/\" \/>\n<meta property=\"og:locale\" content=\"en_US\" \/>\n<meta property=\"og:type\" content=\"article\" \/>\n<meta property=\"og:title\" content=\"COOKIE POLICY &#8226; Construmat Pinalba\" \/>\n<meta property=\"og:description\" content=\"Construmat Pinalba complies with current data and cookie protection regulations.\" \/>\n<meta property=\"og:url\" content=\"https:\/\/www.construmatpinalba.com\/en\/cookie-policy\/\" \/>\n<meta property=\"og:site_name\" content=\"Construmat Pinalba\" \/>\n<meta name=\"twitter:card\" content=\"summary_large_image\" \/>\n<meta name=\"twitter:label1\" content=\"Est. reading time\" \/>\n\t<meta name=\"twitter:data1\" content=\"4 minutes\" \/>\n<script type=\"application\/ld+json\" class=\"yoast-schema-graph\">{\"@context\":\"https:\/\/schema.org\",\"@graph\":[{\"@type\":\"WebPage\",\"@id\":\"https:\/\/www.construmatpinalba.com\/en\/cookie-policy\/\",\"url\":\"https:\/\/www.construmatpinalba.com\/en\/cookie-policy\/\",\"name\":\"COOKIE POLICY &#8226; Construmat Pinalba\",\"isPartOf\":{\"@id\":\"https:\/\/www.construmatpinalba.com\/en\/#website\"},\"datePublished\":\"2020-12-04T12:33:11+00:00\",\"description\":\"Construmat Pinalba complies with current data and cookie protection regulations.\",\"breadcrumb\":{\"@id\":\"https:\/\/www.construmatpinalba.com\/en\/cookie-policy\/#breadcrumb\"},\"inLanguage\":\"en-US\",\"potentialAction\":[{\"@type\":\"ReadAction\",\"target\":[\"https:\/\/www.construmatpinalba.com\/en\/cookie-policy\/\"]}]},{\"@type\":\"BreadcrumbList\",\"@id\":\"https:\/\/www.construmatpinalba.com\/en\/cookie-policy\/#breadcrumb\",\"itemListElement\":[{\"@type\":\"ListItem\",\"position\":1,\"name\":\"Inici\",\"item\":\"https:\/\/www.construmatpinalba.com\/en\/start\/\"},{\"@type\":\"ListItem\",\"position\":2,\"name\":\"COOKIE POLICY\"}]},{\"@type\":\"WebSite\",\"@id\":\"https:\/\/www.construmatpinalba.com\/en\/#website\",\"url\":\"https:\/\/www.construmatpinalba.com\/en\/\",\"name\":\"Construmat Pinalba\",\"description\":\"Contracting, coordination and management of works\",\"publisher\":{\"@id\":\"https:\/\/www.construmatpinalba.com\/en\/#organization\"},\"potentialAction\":[{\"@type\":\"SearchAction\",\"target\":{\"@type\":\"EntryPoint\",\"urlTemplate\":\"https:\/\/www.construmatpinalba.com\/en\/?s={search_term_string}\"},\"query-input\":{\"@type\":\"PropertyValueSpecification\",\"valueRequired\":true,\"valueName\":\"search_term_string\"}}],\"inLanguage\":\"en-US\"},{\"@type\":\"Organization\",\"@id\":\"https:\/\/www.construmatpinalba.com\/en\/#organization\",\"name\":\"Construmat Pinalba, S.L.\",\"url\":\"https:\/\/www.construmatpinalba.com\/en\/\",\"logo\":{\"@type\":\"ImageObject\",\"inLanguage\":\"en-US\",\"@id\":\"https:\/\/www.construmatpinalba.com\/en\/#\/schema\/logo\/image\/\",\"url\":\"https:\/\/www.construmatpinalba.com\/wp-content\/uploads\/2016\/01\/logo-construmatpinalba_526x160.png\",\"contentUrl\":\"https:\/\/www.construmatpinalba.com\/wp-content\/uploads\/2016\/01\/logo-construmatpinalba_526x160.png\",\"width\":526,\"height\":160,\"caption\":\"Construmat Pinalba, S.L.\"},\"image\":{\"@id\":\"https:\/\/www.construmatpinalba.com\/en\/#\/schema\/logo\/image\/\"}}]}<\/script>\n<!-- \/ Yoast SEO plugin. -->","yoast_head_json":{"title":"COOKIE POLICY &#8226; Construmat Pinalba","description":"Construmat Pinalba complies with current data and cookie protection regulations.","robots":{"index":"index","follow":"follow","max-snippet":"max-snippet:-1","max-image-preview":"max-image-preview:large","max-video-preview":"max-video-preview:-1"},"canonical":"https:\/\/www.construmatpinalba.com\/en\/cookie-policy\/","og_locale":"en_US","og_type":"article","og_title":"COOKIE POLICY &#8226; Construmat Pinalba","og_description":"Construmat Pinalba complies with current data and cookie protection regulations.","og_url":"https:\/\/www.construmatpinalba.com\/en\/cookie-policy\/","og_site_name":"Construmat Pinalba","twitter_card":"summary_large_image","twitter_misc":{"Est. reading time":"4 minutes"},"schema":{"@context":"https:\/\/schema.org","@graph":[{"@type":"WebPage","@id":"https:\/\/www.construmatpinalba.com\/en\/cookie-policy\/","url":"https:\/\/www.construmatpinalba.com\/en\/cookie-policy\/","name":"COOKIE POLICY &#8226; Construmat Pinalba","isPartOf":{"@id":"https:\/\/www.construmatpinalba.com\/en\/#website"},"datePublished":"2020-12-04T12:33:11+00:00","description":"Construmat Pinalba complies with current data and cookie protection regulations.","breadcrumb":{"@id":"https:\/\/www.construmatpinalba.com\/en\/cookie-policy\/#breadcrumb"},"inLanguage":"en-US","potentialAction":[{"@type":"ReadAction","target":["https:\/\/www.construmatpinalba.com\/en\/cookie-policy\/"]}]},{"@type":"BreadcrumbList","@id":"https:\/\/www.construmatpinalba.com\/en\/cookie-policy\/#breadcrumb","itemListElement":[{"@type":"ListItem","position":1,"name":"Inici","item":"https:\/\/www.construmatpinalba.com\/en\/start\/"},{"@type":"ListItem","position":2,"name":"COOKIE POLICY"}]},{"@type":"WebSite","@id":"https:\/\/www.construmatpinalba.com\/en\/#website","url":"https:\/\/www.construmatpinalba.com\/en\/","name":"Construmat Pinalba","description":"Contracting, coordination and management of works","publisher":{"@id":"https:\/\/www.construmatpinalba.com\/en\/#organization"},"potentialAction":[{"@type":"SearchAction","target":{"@type":"EntryPoint","urlTemplate":"https:\/\/www.construmatpinalba.com\/en\/?s={search_term_string}"},"query-input":{"@type":"PropertyValueSpecification","valueRequired":true,"valueName":"search_term_string"}}],"inLanguage":"en-US"},{"@type":"Organization","@id":"https:\/\/www.construmatpinalba.com\/en\/#organization","name":"Construmat Pinalba, S.L.","url":"https:\/\/www.construmatpinalba.com\/en\/","logo":{"@type":"ImageObject","inLanguage":"en-US","@id":"https:\/\/www.construmatpinalba.com\/en\/#\/schema\/logo\/image\/","url":"https:\/\/www.construmatpinalba.com\/wp-content\/uploads\/2016\/01\/logo-construmatpinalba_526x160.png","contentUrl":"https:\/\/www.construmatpinalba.com\/wp-content\/uploads\/2016\/01\/logo-construmatpinalba_526x160.png","width":526,"height":160,"caption":"Construmat Pinalba, S.L."},"image":{"@id":"https:\/\/www.construmatpinalba.com\/en\/#\/schema\/logo\/image\/"}}]}},"_links":{"self":[{"href":"https:\/\/www.construmatpinalba.com\/en\/wp-json\/wp\/v2\/pages\/5284","targetHints":{"allow":["GET"]}}],"collection":[{"href":"https:\/\/www.construmatpinalba.com\/en\/wp-json\/wp\/v2\/pages"}],"about":[{"href":"https:\/\/www.construmatpinalba.com\/en\/wp-json\/wp\/v2\/types\/page"}],"author":[{"embeddable":true,"href":"https:\/\/www.construmatpinalba.com\/en\/wp-json\/wp\/v2\/users\/1"}],"replies":[{"embeddable":true,"href":"https:\/\/www.construmatpinalba.com\/en\/wp-json\/wp\/v2\/comments?post=5284"}],"version-history":[{"count":0,"href":"https:\/\/www.construmatpinalba.com\/en\/wp-json\/wp\/v2\/pages\/5284\/revisions"}],"wp:attachment":[{"href":"https:\/\/www.construmatpinalba.com\/en\/wp-json\/wp\/v2\/media?parent=5284"}],"curies":[{"name":"wp","href":"https:\/\/api.w.org\/{rel}","templated":true}]}}